{"id":188,"date":"2018-09-28T18:47:09","date_gmt":"2018-09-28T21:47:09","guid":{"rendered":"http:\/\/brasfort.net.br\/?page_id=188"},"modified":"2018-10-05T11:25:25","modified_gmt":"2018-10-05T14:25:25","slug":"quien-somos","status":"publish","type":"page","link":"https:\/\/brasfort.net.br\/es\/quien-somos\/","title":{"rendered":"Quien somos"},"content":{"rendered":"<h2>Brasfort, 20 a\u00f1os de historia&#8230;<\/h2>\n<p>Con m\u00e1s de 20 a\u00f1os de trayectoria ofreciendo productos en las l\u00edneas de herramientas, materiales el\u00e9ctricos, hidr\u00e1ulica, jardiner\u00eda, utilidades y accesorios de seguridad, sumando otros 1600 productos, Brasfort busca fortalecer su identidad con excelencia, con ojos fijos en la calidad y mejor costo beneficio, atendiendo as\u00ed a las exigencias de un mercado cada vez m\u00e1s competente.<\/p>\n<p>Actuamos en todo Brasil a trav\u00e9s de nuestro amplio equipo de representantes, recorriendo un camino de fidelizaci\u00f3n y transparencia, atendiendo a clientes y socios con el m\u00e1ximo de dinamismo, agilidad e innovaci\u00f3n.<\/p>\n<h2>Misi\u00f3n<\/h2>\n<p>Garantizar el respeto y satisfacci\u00f3n de los clientes y consumidores a trav\u00e9s de la oferta de productos de calidad a precios justos (mejor costo x beneficio), considerando el bienestar de nuestros clientes, proveedores, colaboradores y socios, estableciendo relaciones de colaboraci\u00f3n duraderas.<\/p>\n<h2>Visi\u00f3n<\/h2>\n<p>Ser una empresa referencia en el segmento de actuaci\u00f3n, ser reconocido como la mejor opci\u00f3n para clientes, colaboradores y proveedores, por la calidad de nuestros productos y<br \/>\nrelaciones.<\/p>\n<h2>Valores<\/h2>\n<p><strong>Compromiso:<\/strong> Colaboradores comprometidos en garantizar la puntualidad de plazos manteniendo una disciplina con enfoque en la calidad.<\/p>\n<p><strong>Trabajo en equipo:<\/strong> Proporcionar un ambiente agradable y flexible favoreciendo el intercambio de experiencias y diferentes ideas en busca de resultados innovadores.<\/p>\n<p><strong>Colaboraci\u00f3n:<\/strong> Fomentar una relaci\u00f3n sana asegurando un crecimiento y desarrollo mutuo y continuo.<\/p>\n<p><strong>Integridad:<\/strong> Mantener la confianza conquistada a trav\u00e9s de honestidad, \u00e9tica y transparencia.<\/p>\n<p><strong>Respeto:<\/strong> Tener como base el respeto a las personas involucrando colaboradores, clientes y colaboradores valorizando sus diferencias.<\/p>\n<p><strong>Proactividad:<\/strong> Incentivar las iniciativas de busca de innovaciones y soluciones garantizando la eficacia en todos los procesos.<\/p>\n","protected":false},"excerpt":{"rendered":"<p>Brasfort, 20 a\u00f1os de historia&#8230; Con m\u00e1s de 20 a\u00f1os de trayectoria ofreciendo productos en las l\u00edneas de herramientas, materiales el\u00e9ctricos, hidr\u00e1ulica, jardiner\u00eda, utilidades y accesorios de seguridad, sumando otros 1600 productos, Brasfort busca fortalecer su identidad con excelencia, con ojos fijos en la calidad y mejor costo beneficio, atendiendo as\u00ed a las exigencias de [&hellip;]<\/p>\n","protected":false},"author":5,"featured_media":0,"parent":0,"menu_order":3,"comment_status":"closed","ping_status":"closed","template":"","meta":{"_acf_changed":false,"_eb_attr":"","_locale":"es_ES","_original_post":"186","_joinchat":[],"footnotes":""},"class_list":["post-188","page","type-page","status-publish","hentry","es-ES"],"acf":[],"_links":{"self":[{"href":"https:\/\/brasfort.net.br\/wp-json\/wp\/v2\/pages\/188","targetHints":{"allow":["GET"]}}],"collection":[{"href":"https:\/\/brasfort.net.br\/wp-json\/wp\/v2\/pages"}],"about":[{"href":"https:\/\/brasfort.net.br\/wp-json\/wp\/v2\/types\/page"}],"author":[{"embeddable":true,"href":"https:\/\/brasfort.net.br\/wp-json\/wp\/v2\/users\/5"}],"replies":[{"embeddable":true,"href":"https:\/\/brasfort.net.br\/wp-json\/wp\/v2\/comments?post=188"}],"version-history":[{"count":3,"href":"https:\/\/brasfort.net.br\/wp-json\/wp\/v2\/pages\/188\/revisions"}],"predecessor-version":[{"id":274,"href":"https:\/\/brasfort.net.br\/wp-json\/wp\/v2\/pages\/188\/revisions\/274"}],"wp:attachment":[{"href":"https:\/\/brasfort.net.br\/wp-json\/wp\/v2\/media?parent=188"}],"curies":[{"name":"wp","href":"https:\/\/api.w.org\/{rel}","templated":true}]}}